{"id":126,"date":"2023-02-24T19:06:30","date_gmt":"2023-02-24T22:06:30","guid":{"rendered":"https:\/\/breistech.com.br\/espanhol\/?page_id=126"},"modified":"2024-04-17T11:36:16","modified_gmt":"2024-04-17T14:36:16","slug":"ispring","status":"publish","type":"page","link":"https:\/\/breistech.com.br\/espanhol\/ispring\/","title":{"rendered":"ispring"},"content":{"rendered":"[vc_row type=&#8221;full_width_background&#8221; full_screen_row_position=&#8221;middle&#8221; scene_position=&#8221;center&#8221; text_color=&#8221;dark&#8221; text_align=&#8221;left&#8221; top_padding=&#8221;40&#8243; bottom_padding=&#8221;30&#8243; overlay_strength=&#8221;0.3&#8243;][vc_column column_padding=&#8221;no-extra-padding&#8221; column_padding_position=&#8221;all&#8221; background_color_opacity=&#8221;1&#8243; background_hover_color_opacity=&#8221;1&#8243; column_shadow=&#8221;none&#8221; width=&#8221;1\/1&#8243; tablet_text_alignment=&#8221;default&#8221; phone_text_alignment=&#8221;default&#8221; column_border_width=&#8221;none&#8221; column_border_style=&#8221;solid&#8221;][vc_column_text]\n<h1>ISPRING<\/h1>\n[\/vc_column_text]<div class=\"divider-wrap\"><div style=\"margin-top: 5px; height: 1px; margin-bottom: 5px;\" data-width=\"100%\" data-animate=\"\" data-animation-delay=\"\" data-color=\"default\" class=\"divider-border\"><\/div><\/div>[vc_column_text]\n<h1>\u00bfTienes un proyecto de e-learning? \u00a1Empieza aqui!<\/h1>\n[\/vc_column_text][\/vc_column][\/vc_row][vc_row type=&#8221;full_width_background&#8221; full_screen_row_position=&#8221;middle&#8221; scene_position=&#8221;center&#8221; text_color=&#8221;dark&#8221; text_align=&#8221;left&#8221; top_padding=&#8221;40&#8243; bottom_padding=&#8221;30&#8243; overlay_strength=&#8221;0.3&#8243;][vc_column column_padding=&#8221;no-extra-padding&#8221; column_padding_position=&#8221;all&#8221; background_color_opacity=&#8221;1&#8243; background_hover_color_opacity=&#8221;1&#8243; column_shadow=&#8221;none&#8221; width=&#8221;1\/2&#8243; tablet_text_alignment=&#8221;default&#8221; phone_text_alignment=&#8221;default&#8221; column_border_width=&#8221;none&#8221; column_border_style=&#8221;solid&#8221;][vc_column_text]Breis Tech es el representante autorizado de iSpring, software de capacitaci\u00f3n en l\u00ednea para inspirar a las personas a crecer.<br \/>\niSpring es una empresa de software con sede en Alexandria, Virginia. Durante m\u00e1s de 20 a\u00f1os, ha estado dise\u00f1ando software de aprendizaje electr\u00f3nico que ayuda a las personas, los equipos y las empresas a tener \u00e9xito a trav\u00e9s de la capacitaci\u00f3n y el desarrollo de los empleados.[\/vc_column_text][\/vc_column][vc_column column_padding=&#8221;no-extra-padding&#8221; column_padding_position=&#8221;all&#8221; background_color_opacity=&#8221;1&#8243; background_hover_color_opacity=&#8221;1&#8243; column_shadow=&#8221;none&#8221; width=&#8221;1\/2&#8243; tablet_text_alignment=&#8221;default&#8221; phone_text_alignment=&#8221;default&#8221; column_border_width=&#8221;none&#8221; column_border_style=&#8221;solid&#8221;]<div class=\"img-with-aniamtion-wrap \" data-max-width=\"100%\"><div class=\"inner\"><img loading=\"lazy\" decoding=\"async\" data-shadow=\"none\" data-shadow-direction=\"middle\" class=\"img-with-animation \" data-delay=\"0\" height=\"287\" width=\"480\" data-animation=\"fade-in\" src=\"https:\/\/breistech.com.br\/espanhol\/wp-content\/uploads\/2023\/02\/ispring02.jpg\" srcset=\"https:\/\/breistech.com.br\/espanhol\/wp-content\/uploads\/2023\/02\/ispring02.jpg 480w, https:\/\/breistech.com.br\/espanhol\/wp-content\/uploads\/2023\/02\/ispring02-300x179.jpg 300w\" alt=\"\" \/><\/div><\/div>[\/vc_column][\/vc_row][vc_row type=&#8221;full_width_background&#8221; full_screen_row_position=&#8221;middle&#8221; scene_position=&#8221;center&#8221; text_color=&#8221;dark&#8221; text_align=&#8221;left&#8221; top_padding=&#8221;40&#8243; bottom_padding=&#8221;30&#8243; overlay_strength=&#8221;0.3&#8243;][vc_column column_padding=&#8221;no-extra-padding&#8221; column_padding_position=&#8221;all&#8221; background_color_opacity=&#8221;1&#8243; background_hover_color_opacity=&#8221;1&#8243; column_shadow=&#8221;none&#8221; width=&#8221;1\/1&#8243; tablet_text_alignment=&#8221;default&#8221; phone_text_alignment=&#8221;default&#8221; column_border_width=&#8221;none&#8221; column_border_style=&#8221;solid&#8221;]<div class=\"divider-wrap\"><div style=\"margin-top: 5px; height: 1px; margin-bottom: 5px;\" data-width=\"100%\" data-animate=\"\" data-animation-delay=\"\" data-color=\"accent-color\" class=\"divider-border\"><\/div><\/div><div class=\"img-with-aniamtion-wrap \" data-max-width=\"100%\"><div class=\"inner\"><img loading=\"lazy\" decoding=\"async\" data-shadow=\"none\" data-shadow-direction=\"middle\" class=\"img-with-animation \" data-delay=\"0\" height=\"37\" width=\"257\" data-animation=\"fade-in\" src=\"https:\/\/breistech.com.br\/espanhol\/wp-content\/uploads\/2023\/02\/ispring_tit01.jpg\" srcset=\"\" alt=\"\" \/><\/div><\/div>[vc_column_text]\n<h1>Creaci\u00f3n ultrarr\u00e1pida, resultado profesional<\/h1>\n[\/vc_column_text][\/vc_column][\/vc_row][vc_row type=&#8221;full_width_background&#8221; full_screen_row_position=&#8221;middle&#8221; scene_position=&#8221;center&#8221; text_color=&#8221;dark&#8221; text_align=&#8221;left&#8221; top_padding=&#8221;40&#8243; bottom_padding=&#8221;30&#8243; overlay_strength=&#8221;0.3&#8243;][vc_column column_padding=&#8221;no-extra-padding&#8221; column_padding_position=&#8221;all&#8221; background_color_opacity=&#8221;1&#8243; background_hover_color_opacity=&#8221;1&#8243; column_shadow=&#8221;none&#8221; width=&#8221;1\/2&#8243; tablet_text_alignment=&#8221;default&#8221; phone_text_alignment=&#8221;default&#8221; column_border_width=&#8221;none&#8221; column_border_style=&#8221;solid&#8221;][vc_column_text]Crear cursos es r\u00e1pido y f\u00e1cil cuando trabaja en el entorno familiar de PowerPoint. Convierta sus presentaciones en cursos de aprendizaje electr\u00f3nico que se pueden cargar directamente en su LMS.<\/p>\n<ul>\n<li class=\"top__list_features top__list_features_es\">Cursos con diapositivas<\/li>\n<li class=\"top__list_features top__list_features_es\">P\u00e1ginas interactivas<\/li>\n<li class=\"top__list_features top__list_features_es\">Videotutoriales<\/li>\n<li class=\"top__list_features top__list_features_es\">Cuestionarios<\/li>\n<li class=\"top__list_features top__list_features_es\">Simulaciones de conversaci\u00f3n<\/li>\n<li class=\"top__list_features top__list_features_es\">Interacciones para e-learning<\/li>\n<\/ul>\n[\/vc_column_text][nectar_btn size=&#8221;large&#8221; open_new_tab=&#8221;true&#8221; button_style=&#8221;regular&#8221; button_color_2=&#8221;Accent-Color&#8221; icon_family=&#8221;none&#8221; url=&#8221;https:\/\/www.ispring.es\/ispring-suite\/trial&#8221; text=&#8221;Desc\u00e1rgalo gratis&#8221; margin_top=&#8221;100&#8243;]<div class=\"divider-wrap\"><div style=\"height: 20px;\" class=\"divider\"><\/div><\/div>[vc_column_text]starting from<strong> $ 770,00 <\/strong>USD per author\/year[\/vc_column_text][\/vc_column][vc_column column_padding=&#8221;no-extra-padding&#8221; column_padding_position=&#8221;all&#8221; background_color_opacity=&#8221;1&#8243; background_hover_color_opacity=&#8221;1&#8243; column_shadow=&#8221;none&#8221; width=&#8221;1\/2&#8243; tablet_text_alignment=&#8221;default&#8221; phone_text_alignment=&#8221;default&#8221; column_border_width=&#8221;none&#8221; column_border_style=&#8221;solid&#8221;][vc_video link=&#8221;https:\/\/www.youtube.com\/watch?v=Wlee4k2lwRg&#8221;][\/vc_column][\/vc_row][vc_row type=&#8221;full_width_background&#8221; full_screen_row_position=&#8221;middle&#8221; scene_position=&#8221;center&#8221; text_color=&#8221;dark&#8221; text_align=&#8221;left&#8221; top_padding=&#8221;40&#8243; bottom_padding=&#8221;30&#8243; overlay_strength=&#8221;0.3&#8243;][vc_column column_padding=&#8221;no-extra-padding&#8221; column_padding_position=&#8221;all&#8221; background_color_opacity=&#8221;1&#8243; background_hover_color_opacity=&#8221;1&#8243; column_shadow=&#8221;none&#8221; width=&#8221;1\/1&#8243; tablet_text_alignment=&#8221;default&#8221; phone_text_alignment=&#8221;default&#8221; column_border_width=&#8221;none&#8221; column_border_style=&#8221;solid&#8221;]<div class=\"divider-wrap\"><div style=\"margin-top: 5px; height: 1px; margin-bottom: 5px;\" data-width=\"100%\" data-animate=\"\" data-animation-delay=\"\" data-color=\"accent-color\" class=\"divider-border\"><\/div><\/div><div class=\"img-with-aniamtion-wrap \" data-max-width=\"100%\"><div class=\"inner\"><img loading=\"lazy\" decoding=\"async\" data-shadow=\"none\" data-shadow-direction=\"middle\" class=\"img-with-animation \" data-delay=\"0\" height=\"37\" width=\"257\" data-animation=\"fade-in\" src=\"https:\/\/breistech.com.br\/espanhol\/wp-content\/uploads\/2023\/02\/ispring_tit03.jpg\" srcset=\"\" alt=\"\" \/><\/div><\/div>[vc_column_text]\n<h1>La herramienta de creaci\u00f3n de cursos m\u00e1s r\u00e1pida para PowerPoint<\/h1>\n[\/vc_column_text][\/vc_column][\/vc_row][vc_row type=&#8221;full_width_background&#8221; full_screen_row_position=&#8221;middle&#8221; scene_position=&#8221;center&#8221; text_color=&#8221;dark&#8221; text_align=&#8221;left&#8221; top_padding=&#8221;40&#8243; bottom_padding=&#8221;30&#8243; overlay_strength=&#8221;0.3&#8243;][vc_column column_padding=&#8221;no-extra-padding&#8221; column_padding_position=&#8221;all&#8221; background_color_opacity=&#8221;1&#8243; background_hover_color_opacity=&#8221;1&#8243; column_shadow=&#8221;none&#8221; width=&#8221;1\/2&#8243; tablet_text_alignment=&#8221;default&#8221; phone_text_alignment=&#8221;default&#8221; column_border_width=&#8221;none&#8221; column_border_style=&#8221;solid&#8221;][vc_column_text]<strong>Cursos interactivos, m\u00e1s r\u00e1pidos que nunca<\/strong><\/p>\n<p>Simplemente cree diapositivas en PowerPoint y haga clic en Publicar. \u00a1Es eso! iSpring Presenter convierte tu curso en un formato de aprendizaje electr\u00f3nico en segundos.<\/p>\n<ul>\n<li>Cursos SCORM, AICC y xAPI<br \/>\nTodos los efectos de PowerPoint permanecen intactos<br \/>\nReproductor de curso personalizable<\/li>\n<\/ul>\n[\/vc_column_text][\/vc_column][vc_column column_padding=&#8221;no-extra-padding&#8221; column_padding_position=&#8221;all&#8221; background_color_opacity=&#8221;1&#8243; background_hover_color_opacity=&#8221;1&#8243; column_shadow=&#8221;none&#8221; width=&#8221;1\/2&#8243; tablet_text_alignment=&#8221;default&#8221; phone_text_alignment=&#8221;default&#8221; column_border_width=&#8221;none&#8221; column_border_style=&#8221;solid&#8221;]<div class=\"img-with-aniamtion-wrap \" data-max-width=\"100%\"><div class=\"inner\"><img loading=\"lazy\" decoding=\"async\" data-shadow=\"none\" data-shadow-direction=\"middle\" class=\"img-with-animation \" data-delay=\"0\" height=\"416\" width=\"660\" data-animation=\"fade-in\" src=\"https:\/\/breistech.com.br\/espanhol\/wp-content\/uploads\/2023\/02\/ispring03.jpg\" srcset=\"https:\/\/breistech.com.br\/espanhol\/wp-content\/uploads\/2023\/02\/ispring03.jpg 660w, https:\/\/breistech.com.br\/espanhol\/wp-content\/uploads\/2023\/02\/ispring03-300x189.jpg 300w\" alt=\"\" \/><\/div><\/div>[\/vc_column][\/vc_row][vc_row type=&#8221;full_width_background&#8221; full_screen_row_position=&#8221;middle&#8221; scene_position=&#8221;center&#8221; text_color=&#8221;dark&#8221; text_align=&#8221;left&#8221; top_padding=&#8221;40&#8243; bottom_padding=&#8221;30&#8243; overlay_strength=&#8221;0.3&#8243;][vc_column column_padding=&#8221;no-extra-padding&#8221; column_padding_position=&#8221;all&#8221; background_color_opacity=&#8221;1&#8243; background_hover_color_opacity=&#8221;1&#8243; column_shadow=&#8221;none&#8221; width=&#8221;1\/1&#8243; tablet_text_alignment=&#8221;default&#8221; phone_text_alignment=&#8221;default&#8221; column_border_width=&#8221;none&#8221; column_border_style=&#8221;solid&#8221;]<div class=\"divider-wrap\"><div style=\"margin-top: 5px; height: 1px; margin-bottom: 5px;\" data-width=\"100%\" data-animate=\"\" data-animation-delay=\"\" data-color=\"accent-color\" class=\"divider-border\"><\/div><\/div><div class=\"img-with-aniamtion-wrap \" data-max-width=\"100%\"><div class=\"inner\"><img loading=\"lazy\" decoding=\"async\" data-shadow=\"none\" data-shadow-direction=\"middle\" class=\"img-with-animation \" data-delay=\"0\" height=\"37\" width=\"257\" data-animation=\"fade-in\" src=\"https:\/\/breistech.com.br\/espanhol\/wp-content\/uploads\/2023\/02\/ispring_tit02.jpg\" srcset=\"\" alt=\"\" \/><\/div><\/div>[vc_column_text]\n<h1>LMS intuitivo para lanzar el aprendizaje corporativo en un d\u00eda<\/h1>\n[\/vc_column_text][\/vc_column][\/vc_row][vc_row type=&#8221;full_width_background&#8221; full_screen_row_position=&#8221;middle&#8221; scene_position=&#8221;center&#8221; text_color=&#8221;dark&#8221; text_align=&#8221;left&#8221; top_padding=&#8221;40&#8243; bottom_padding=&#8221;30&#8243; overlay_strength=&#8221;0.3&#8243;][vc_column column_padding=&#8221;no-extra-padding&#8221; column_padding_position=&#8221;all&#8221; background_color_opacity=&#8221;1&#8243; background_hover_color_opacity=&#8221;1&#8243; column_shadow=&#8221;none&#8221; width=&#8221;1\/2&#8243; tablet_text_alignment=&#8221;default&#8221; phone_text_alignment=&#8221;default&#8221; column_border_width=&#8221;none&#8221; column_border_style=&#8221;solid&#8221;][vc_column_text]Los empleados pueden acceder a los materiales de capacitaci\u00f3n desde cualquier dispositivo, incluidas computadoras port\u00e1tiles, tabletas y tel\u00e9fonos inteligentes. Pueden aprender incluso cuando est\u00e1n desconectados usando nuestra aplicaci\u00f3n para iPad y Android.<\/p>\n<p>Esto significa que los empleados pueden completar cursos, tomar ex\u00e1menes y revisar el contenido estudiado cuando se sientan c\u00f3modos: en casa o de viaje, en un caf\u00e9 o en el lugar de trabajo, durante los descansos.<\/p>\n<ul>\n<li class=\"text top__text-item\">Incorporaci\u00f3n de nuevos empleados<\/li>\n<li class=\"text top__text-item\">Formaci\u00f3n en cumplimiento<\/li>\n<li class=\"text top__text-item\">Formaci\u00f3n sobre productos<\/li>\n<li class=\"text top__text-item\">Formaci\u00f3n en ventas<\/li>\n<li class=\"text top__text-item\">Evaluaci\u00f3n del desempe\u00f1o de los empleados<\/li>\n<li class=\"text top__text-item\">Formaci\u00f3n de socios y clientes<\/li>\n<\/ul>\n[\/vc_column_text][nectar_btn size=&#8221;large&#8221; open_new_tab=&#8221;true&#8221; button_style=&#8221;regular&#8221; button_color_2=&#8221;Accent-Color&#8221; icon_family=&#8221;none&#8221; url=&#8221;https:\/\/www.ispring.es\/ispring-learn\/get-free-trial?ref=learn&#8221; text=&#8221;Empieza gratis&#8221; margin_top=&#8221;100&#8243;]<div class=\"divider-wrap\"><div style=\"height: 20px;\" class=\"divider\"><\/div><\/div>[vc_column_text]starting from<strong> $ 27,00 <\/strong>USD per author\/year[\/vc_column_text][\/vc_column][vc_column column_padding=&#8221;no-extra-padding&#8221; column_padding_position=&#8221;all&#8221; background_color_opacity=&#8221;1&#8243; background_hover_color_opacity=&#8221;1&#8243; column_shadow=&#8221;none&#8221; width=&#8221;1\/2&#8243; tablet_text_alignment=&#8221;default&#8221; phone_text_alignment=&#8221;default&#8221; column_border_width=&#8221;none&#8221; column_border_style=&#8221;solid&#8221;]<div class=\"img-with-aniamtion-wrap \" data-max-width=\"100%\"><div class=\"inner\"><img loading=\"lazy\" decoding=\"async\" data-shadow=\"none\" data-shadow-direction=\"middle\" class=\"img-with-animation \" data-delay=\"0\" height=\"455\" width=\"605\" data-animation=\"fade-in\" src=\"https:\/\/breistech.com.br\/espanhol\/wp-content\/uploads\/2023\/02\/ispring04.jpg\" srcset=\"https:\/\/breistech.com.br\/espanhol\/wp-content\/uploads\/2023\/02\/ispring04.jpg 605w, https:\/\/breistech.com.br\/espanhol\/wp-content\/uploads\/2023\/02\/ispring04-300x226.jpg 300w\" alt=\"\" \/><\/div><\/div>[\/vc_column][\/vc_row][vc_row type=&#8221;full_width_background&#8221; full_screen_row_position=&#8221;middle&#8221; scene_position=&#8221;center&#8221; text_color=&#8221;dark&#8221; text_align=&#8221;left&#8221; top_padding=&#8221;40&#8243; bottom_padding=&#8221;30&#8243; overlay_strength=&#8221;0.3&#8243;][vc_column column_padding=&#8221;no-extra-padding&#8221; column_padding_position=&#8221;all&#8221; background_color_opacity=&#8221;1&#8243; background_hover_color_opacity=&#8221;1&#8243; column_shadow=&#8221;none&#8221; width=&#8221;1\/1&#8243; tablet_text_alignment=&#8221;default&#8221; phone_text_alignment=&#8221;default&#8221; column_border_width=&#8221;none&#8221; column_border_style=&#8221;solid&#8221;]<div class=\"divider-wrap\"><div style=\"margin-top: 5px; height: 1px; margin-bottom: 5px;\" data-width=\"100%\" data-animate=\"\" data-animation-delay=\"\" data-color=\"accent-color\" class=\"divider-border\"><\/div><\/div><div class=\"img-with-aniamtion-wrap \" data-max-width=\"100%\"><div class=\"inner\"><img loading=\"lazy\" decoding=\"async\" data-shadow=\"none\" data-shadow-direction=\"middle\" class=\"img-with-animation \" data-delay=\"0\" height=\"37\" width=\"257\" data-animation=\"fade-in\" src=\"https:\/\/breistech.com.br\/espanhol\/wp-content\/uploads\/2023\/02\/ispring_tit04.jpg\" srcset=\"\" alt=\"\" \/><\/div><\/div>[vc_column_text]\n<h1>Venda sus cursos on line \u2014 r\u00e1pido<\/h1>\n[\/vc_column_text][\/vc_column][\/vc_row][vc_row type=&#8221;full_width_background&#8221; full_screen_row_position=&#8221;middle&#8221; scene_position=&#8221;center&#8221; text_color=&#8221;dark&#8221; text_align=&#8221;left&#8221; top_padding=&#8221;40&#8243; bottom_padding=&#8221;30&#8243; overlay_strength=&#8221;0.3&#8243;][vc_column column_padding=&#8221;no-extra-padding&#8221; column_padding_position=&#8221;all&#8221; background_color_opacity=&#8221;1&#8243; background_hover_color_opacity=&#8221;1&#8243; column_shadow=&#8221;none&#8221; width=&#8221;1\/2&#8243; tablet_text_alignment=&#8221;default&#8221; phone_text_alignment=&#8221;default&#8221; column_border_width=&#8221;none&#8221; column_border_style=&#8221;solid&#8221;][vc_column_text]Cree, publique y venda sus cursos en l\u00ednea, sin ninguna habilidad de codificaci\u00f3n o dise\u00f1o.[\/vc_column_text][\/vc_column][vc_column column_padding=&#8221;no-extra-padding&#8221; column_padding_position=&#8221;all&#8221; background_color_opacity=&#8221;1&#8243; background_hover_color_opacity=&#8221;1&#8243; column_shadow=&#8221;none&#8221; width=&#8221;1\/2&#8243; tablet_text_alignment=&#8221;default&#8221; phone_text_alignment=&#8221;default&#8221; column_border_width=&#8221;none&#8221; column_border_style=&#8221;solid&#8221;]<div class=\"img-with-aniamtion-wrap \" data-max-width=\"100%\"><div class=\"inner\"><img loading=\"lazy\" decoding=\"async\" data-shadow=\"none\" data-shadow-direction=\"middle\" class=\"img-with-animation \" data-delay=\"0\" height=\"449\" width=\"773\" data-animation=\"fade-in\" src=\"https:\/\/breistech.com.br\/espanhol\/wp-content\/uploads\/2023\/02\/ispring05.jpg\" srcset=\"https:\/\/breistech.com.br\/espanhol\/wp-content\/uploads\/2023\/02\/ispring05.jpg 773w, https:\/\/breistech.com.br\/espanhol\/wp-content\/uploads\/2023\/02\/ispring05-300x174.jpg 300w, https:\/\/breistech.com.br\/espanhol\/wp-content\/uploads\/2023\/02\/ispring05-768x446.jpg 768w\" alt=\"\" \/><\/div><\/div>[\/vc_column][\/vc_row][vc_row type=&#8221;in_container&#8221; full_screen_row_position=&#8221;middle&#8221; scene_position=&#8221;center&#8221; text_color=&#8221;dark&#8221; text_align=&#8221;left&#8221; overlay_strength=&#8221;0.3&#8243;][vc_column column_padding=&#8221;no-extra-padding&#8221; column_padding_position=&#8221;all&#8221; background_color_opacity=&#8221;1&#8243; background_hover_color_opacity=&#8221;1&#8243; column_shadow=&#8221;none&#8221; width=&#8221;1\/1&#8243; tablet_text_alignment=&#8221;default&#8221; phone_text_alignment=&#8221;default&#8221; column_border_width=&#8221;none&#8221; column_border_style=&#8221;solid&#8221;]<div class=\"divider-wrap\"><div style=\"margin-top: 10px; height: 1px; margin-bottom: 10px;\" data-width=\"100%\" data-animate=\"\" data-animation-delay=\"\" data-color=\"accent-color\" class=\"divider-border\"><\/div><\/div>[nectar_image_with_hotspots image=&#8221;290&#8243; preview=&#8221;http:\/\/breistech.com.br\/espanhol\/wp-content\/uploads\/2024\/04\/ispring-page257.png&#8221; color_1=&#8221;Accent-Color&#8221; hotspot_icon=&#8221;plus_sign&#8221; tooltip=&#8221;hover&#8221; tooltip_shadow=&#8221;none&#8221;][\/nectar_image_with_hotspots][vc_column_text]\n<h1 class=\"text-left title_text_default__title b-top__header b-title_h2 b-title_h2_top\" style=\"text-align: left;\">Una herramienta en la nube para crear cursos, p\u00e1ginas y cuestionarios<\/h1>\n[\/vc_column_text][\/vc_column][\/vc_row][vc_row type=&#8221;in_container&#8221; full_screen_row_position=&#8221;middle&#8221; scene_position=&#8221;center&#8221; text_color=&#8221;dark&#8221; text_align=&#8221;left&#8221; overlay_strength=&#8221;0.3&#8243;][vc_column column_padding=&#8221;no-extra-padding&#8221; column_padding_position=&#8221;all&#8221; background_color_opacity=&#8221;1&#8243; background_hover_color_opacity=&#8221;1&#8243; column_shadow=&#8221;none&#8221; width=&#8221;1\/2&#8243; tablet_text_alignment=&#8221;default&#8221; phone_text_alignment=&#8221;default&#8221; column_border_width=&#8221;none&#8221; column_border_style=&#8221;solid&#8221;][vc_column_text]Una herramienta para crear cursos online minimalistas similares a una p\u00e1gina. Crea contenido de aprendizaje en formato SCORM y xAPI directamente en tu navegador.<\/p>\n<p>Explore las posibilidades de iSpring Page<\/p>\n<ul>\n<li>Aprendizaje secuencial<\/li>\n<li>Personalizaci\u00f3n para marcas<\/li>\n<li>M\u00faltiples idiomas<\/li>\n<li>Creaci\u00f3n colaborativa de cursos<\/li>\n<li>Compartir contenido mediante enlace<\/li>\n<\/ul>\n[\/vc_column_text][nectar_btn size=&#8221;large&#8221; open_new_tab=&#8221;true&#8221; button_style=&#8221;regular&#8221; button_color_2=&#8221;Accent-Color&#8221; icon_family=&#8221;none&#8221; url=&#8221;https:\/\/www.ispring.es\/ispring-page\/trial&#8221; text=&#8221;Pru\u00e9balo gratis&#8221; margin_top=&#8221;100&#8243;]<div class=\"divider-wrap\"><div style=\"height: 20px;\" class=\"divider\"><\/div><\/div>[vc_column_text]starting from<strong> $ 470,00 <\/strong>USD per author\/year[\/vc_column_text][\/vc_column][vc_column column_padding=&#8221;no-extra-padding&#8221; column_padding_position=&#8221;all&#8221; background_color_opacity=&#8221;1&#8243; background_hover_color_opacity=&#8221;1&#8243; column_shadow=&#8221;none&#8221; width=&#8221;1\/2&#8243; tablet_text_alignment=&#8221;default&#8221; phone_text_alignment=&#8221;default&#8221; column_border_width=&#8221;none&#8221; column_border_style=&#8221;solid&#8221;][nectar_image_with_hotspots image=&#8221;286&#8243; preview=&#8221;http:\/\/breistech.com.br\/espanhol\/wp-content\/uploads\/2024\/04\/ispringpageimagepng.png&#8221; color_1=&#8221;Accent-Color&#8221; hotspot_icon=&#8221;plus_sign&#8221; tooltip=&#8221;hover&#8221; tooltip_shadow=&#8221;none&#8221;][\/nectar_image_with_hotspots][\/vc_column][\/vc_row][vc_row type=&#8221;in_container&#8221; full_screen_row_position=&#8221;middle&#8221; scene_position=&#8221;center&#8221; text_color=&#8221;dark&#8221; text_align=&#8221;left&#8221; overlay_strength=&#8221;0.3&#8243;][vc_column column_padding=&#8221;no-extra-padding&#8221; column_padding_position=&#8221;all&#8221; background_color_opacity=&#8221;1&#8243; background_hover_color_opacity=&#8221;1&#8243; column_shadow=&#8221;none&#8221; width=&#8221;1\/1&#8243; tablet_text_alignment=&#8221;default&#8221; phone_text_alignment=&#8221;default&#8221; column_border_width=&#8221;none&#8221; column_border_style=&#8221;solid&#8221;]<div class=\"divider-wrap\"><div style=\"margin-top: 5px; height: 1px; margin-bottom: 5px;\" data-width=\"100%\" data-animate=\"\" data-animation-delay=\"\" data-color=\"accent-color\" class=\"divider-border\"><\/div><\/div>[vc_column_text]\u201ciSpring is a registered trademark of iSpring Solutions, Inc.\u201d[\/vc_column_text][\/vc_column][\/vc_row]\n","protected":false},"excerpt":{"rendered":"<p>[vc_row type=&#8221;full_width_background&#8221; full_screen_row_position=&#8221;middle&#8221; scene_position=&#8221;center&#8221; text_color=&#8221;dark&#8221; text_align=&#8221;left&#8221; top_padding=&#8221;40&#8243; bottom_padding=&#8221;30&#8243; overlay_strength=&#8221;0.3&#8243;][vc_column column_padding=&#8221;no-extra-padding&#8221; column_padding_position=&#8221;all&#8221; background_color_opacity=&#8221;1&#8243; background_hover_color_opacity=&#8221;1&#8243; column_shadow=&#8221;none&#8221; width=&#8221;1\/1&#8243; tablet_text_alignment=&#8221;default&#8221; phone_text_alignment=&#8221;default&#8221; column_border_width=&#8221;none&#8221; column_border_style=&#8221;solid&#8221;][vc_column_text] ISPRING [\/vc_column_text][vc_column_text] \u00bfTienes un proyecto de e-learning? \u00a1Empieza aqui! [\/vc_column_text][\/vc_column][\/vc_row][vc_row type=&#8221;full_width_background&#8221;&#8230;<\/p>\n","protected":false},"author":1,"featured_media":0,"parent":0,"menu_order":0,"comment_status":"closed","ping_status":"closed","template":"","meta":{"_joinchat":[],"footnotes":""},"class_list":["post-126","page","type-page","status-publish","hentry"],"_links":{"self":[{"href":"https:\/\/breistech.com.br\/espanhol\/wp-json\/wp\/v2\/pages\/126","targetHints":{"allow":["GET"]}}],"collection":[{"href":"https:\/\/breistech.com.br\/espanhol\/wp-json\/wp\/v2\/pages"}],"about":[{"href":"https:\/\/breistech.com.br\/espanhol\/wp-json\/wp\/v2\/types\/page"}],"author":[{"embeddable":true,"href":"https:\/\/breistech.com.br\/espanhol\/wp-json\/wp\/v2\/users\/1"}],"replies":[{"embeddable":true,"href":"https:\/\/breistech.com.br\/espanhol\/wp-json\/wp\/v2\/comments?post=126"}],"version-history":[{"count":19,"href":"https:\/\/breistech.com.br\/espanhol\/wp-json\/wp\/v2\/pages\/126\/revisions"}],"predecessor-version":[{"id":292,"href":"https:\/\/breistech.com.br\/espanhol\/wp-json\/wp\/v2\/pages\/126\/revisions\/292"}],"wp:attachment":[{"href":"https:\/\/breistech.com.br\/espanhol\/wp-json\/wp\/v2\/media?parent=126"}],"curies":[{"name":"wp","href":"https:\/\/api.w.org\/{rel}","templated":true}]}}