{"id":3,"date":"2022-10-26T19:56:00","date_gmt":"2022-10-26T22:56:00","guid":{"rendered":"http:\/\/breistech.com.br\/espanhol\/?page_id=3"},"modified":"2025-05-09T15:53:57","modified_gmt":"2025-05-09T18:53:57","slug":"politica-de-privacidade","status":"publish","type":"page","link":"https:\/\/breistech.com.br\/espanhol\/politica-de-privacidade\/","title":{"rendered":"Pol\u00edtica de privacidade"},"content":{"rendered":"[vc_row type=&#8221;in_container&#8221; full_screen_row_position=&#8221;middle&#8221; scene_position=&#8221;center&#8221; text_color=&#8221;dark&#8221; text_align=&#8221;left&#8221; overlay_strength=&#8221;0.3&#8243;][vc_column column_padding=&#8221;no-extra-padding&#8221; column_padding_position=&#8221;all&#8221; background_color_opacity=&#8221;1&#8243; background_hover_color_opacity=&#8221;1&#8243; column_shadow=&#8221;none&#8221; width=&#8221;1\/1&#8243; tablet_text_alignment=&#8221;default&#8221; phone_text_alignment=&#8221;default&#8221; column_border_width=&#8221;none&#8221; column_border_style=&#8221;solid&#8221;][vc_column_text]\n<h3><strong>Pol\u00edtica de Privacidad \u2013 Breis Tech<\/strong><\/h3>\n[\/vc_column_text][\/vc_column][\/vc_row][vc_row type=&#8221;in_container&#8221; full_screen_row_position=&#8221;middle&#8221; scene_position=&#8221;center&#8221; text_color=&#8221;dark&#8221; text_align=&#8221;left&#8221; overlay_strength=&#8221;0.3&#8243;][vc_column column_padding=&#8221;no-extra-padding&#8221; column_padding_position=&#8221;all&#8221; background_color_opacity=&#8221;1&#8243; background_hover_color_opacity=&#8221;1&#8243; column_shadow=&#8221;none&#8221; width=&#8221;1\/1&#8243; tablet_text_alignment=&#8221;default&#8221; phone_text_alignment=&#8221;default&#8221; column_border_width=&#8221;none&#8221; column_border_style=&#8221;solid&#8221;][vc_column_text]\n<p>Breis Tech respeta tu privacidad y protege tus datos. Recopilamos informaci\u00f3n como nombre, correo electr\u00f3nico y tel\u00e9fono \u00fanicamente para contacto comercial, env\u00edo de contenidos y mejora de nuestros servicios. Tus datos no se venden ni se comparten con terceros, excepto cuando es necesario para operar nuestras soluciones. Utilizamos cookies para mejorar tu experiencia. Puedes solicitar la modificaci\u00f3n o eliminaci\u00f3n de tus datos en cualquier momento. Al completar nuestros formularios, aceptas esta pol\u00edtica.<\/p>\n[\/vc_column_text][\/vc_column][\/vc_row][vc_row type=&#8221;in_container&#8221; full_screen_row_position=&#8221;middle&#8221; scene_position=&#8221;center&#8221; text_color=&#8221;dark&#8221; text_align=&#8221;left&#8221; overlay_strength=&#8221;0.3&#8243;][vc_column column_padding=&#8221;no-extra-padding&#8221; column_padding_position=&#8221;all&#8221; background_color_opacity=&#8221;1&#8243; background_hover_color_opacity=&#8221;1&#8243; column_shadow=&#8221;none&#8221; width=&#8221;1\/1&#8243; tablet_text_alignment=&#8221;default&#8221; phone_text_alignment=&#8221;default&#8221; column_border_width=&#8221;none&#8221; column_border_style=&#8221;solid&#8221;][vc_column_text]\n[\/vc_column_text][\/vc_column][\/vc_row][vc_row type=&#8221;in_container&#8221; full_screen_row_position=&#8221;middle&#8221; scene_position=&#8221;center&#8221; text_color=&#8221;dark&#8221; text_align=&#8221;left&#8221; overlay_strength=&#8221;0.3&#8243;][vc_column column_padding=&#8221;no-extra-padding&#8221; column_padding_position=&#8221;all&#8221; background_color_opacity=&#8221;1&#8243; background_hover_color_opacity=&#8221;1&#8243; column_shadow=&#8221;none&#8221; width=&#8221;2\/3&#8243; tablet_text_alignment=&#8221;default&#8221; phone_text_alignment=&#8221;default&#8221; column_border_width=&#8221;none&#8221; column_border_style=&#8221;solid&#8221;]<div class=\"divider-wrap\"><div style=\"height: 25px;\" class=\"divider\"><\/div><\/div><div class=\"divider-wrap\"><div style=\"height: 25px;\" class=\"divider\"><\/div><\/div><div class=\"divider-wrap\"><div style=\"height: 25px;\" class=\"divider\"><\/div><\/div>[vc_column_text]<em>\u00bfDudas?<\/em>\u00a0<em>Habla con nosotros:<\/em>\u00a0<em><a href=\"https:\/\/mailto:contacto@breistech.com.br\/\" target=\"_blank\" rel=\"noopener noreferrer\">contato@breistech.com.br<\/a><\/em>[\/vc_column_text][\/vc_column][vc_column column_padding=&#8221;no-extra-padding&#8221; column_padding_position=&#8221;all&#8221; background_color_opacity=&#8221;1&#8243; background_hover_color_opacity=&#8221;1&#8243; column_shadow=&#8221;none&#8221; width=&#8221;1\/3&#8243; tablet_text_alignment=&#8221;default&#8221; phone_text_alignment=&#8221;default&#8221; column_border_width=&#8221;none&#8221; column_border_style=&#8221;solid&#8221;]<div class=\"img-with-aniamtion-wrap \" data-max-width=\"100%\"><div class=\"inner\"><img loading=\"lazy\" decoding=\"async\" data-shadow=\"none\" data-shadow-direction=\"middle\" class=\"img-with-animation \" data-delay=\"0\" height=\"1422\" width=\"2560\" data-animation=\"fade-in\" src=\"https:\/\/breistech.com.br\/espanhol\/wp-content\/uploads\/2022\/11\/crm-scaled.jpg\" srcset=\"https:\/\/breistech.com.br\/espanhol\/wp-content\/uploads\/2022\/11\/crm-scaled.jpg 2560w, https:\/\/breistech.com.br\/espanhol\/wp-content\/uploads\/2022\/11\/crm-300x167.jpg 300w, https:\/\/breistech.com.br\/espanhol\/wp-content\/uploads\/2022\/11\/crm-1024x569.jpg 1024w, https:\/\/breistech.com.br\/espanhol\/wp-content\/uploads\/2022\/11\/crm-768x427.jpg 768w, https:\/\/breistech.com.br\/espanhol\/wp-content\/uploads\/2022\/11\/crm-1536x853.jpg 1536w, https:\/\/breistech.com.br\/espanhol\/wp-content\/uploads\/2022\/11\/crm-2048x1138.jpg 2048w\" alt=\"\" \/><\/div><\/div>[\/vc_column][\/vc_row]\n","protected":false},"excerpt":{"rendered":"<p>[vc_row type=&#8221;in_container&#8221; full_screen_row_position=&#8221;middle&#8221; scene_position=&#8221;center&#8221; text_color=&#8221;dark&#8221; text_align=&#8221;left&#8221; overlay_strength=&#8221;0.3&#8243;][vc_column column_padding=&#8221;no-extra-padding&#8221; column_padding_position=&#8221;all&#8221; background_color_opacity=&#8221;1&#8243; background_hover_color_opacity=&#8221;1&#8243; column_shadow=&#8221;none&#8221; width=&#8221;1\/1&#8243; tablet_text_alignment=&#8221;default&#8221; phone_text_alignment=&#8221;default&#8221; column_border_width=&#8221;none&#8221; column_border_style=&#8221;solid&#8221;][vc_column_text] Pol\u00edtica de Privacidad \u2013 Breis Tech [\/vc_column_text][\/vc_column][\/vc_row][vc_row type=&#8221;in_container&#8221; full_screen_row_position=&#8221;middle&#8221; scene_position=&#8221;center&#8221; text_color=&#8221;dark&#8221; text_align=&#8221;left&#8221; overlay_strength=&#8221;0.3&#8243;][vc_column&#8230;<\/p>\n","protected":false},"author":1,"featured_media":0,"parent":0,"menu_order":0,"comment_status":"closed","ping_status":"open","template":"","meta":{"_joinchat":[],"footnotes":""},"class_list":["post-3","page","type-page","status-publish","hentry"],"_links":{"self":[{"href":"https:\/\/breistech.com.br\/espanhol\/wp-json\/wp\/v2\/pages\/3","targetHints":{"allow":["GET"]}}],"collection":[{"href":"https:\/\/breistech.com.br\/espanhol\/wp-json\/wp\/v2\/pages"}],"about":[{"href":"https:\/\/breistech.com.br\/espanhol\/wp-json\/wp\/v2\/types\/page"}],"author":[{"embeddable":true,"href":"https:\/\/breistech.com.br\/espanhol\/wp-json\/wp\/v2\/users\/1"}],"replies":[{"embeddable":true,"href":"https:\/\/breistech.com.br\/espanhol\/wp-json\/wp\/v2\/comments?post=3"}],"version-history":[{"count":5,"href":"https:\/\/breistech.com.br\/espanhol\/wp-json\/wp\/v2\/pages\/3\/revisions"}],"predecessor-version":[{"id":321,"href":"https:\/\/breistech.com.br\/espanhol\/wp-json\/wp\/v2\/pages\/3\/revisions\/321"}],"wp:attachment":[{"href":"https:\/\/breistech.com.br\/espanhol\/wp-json\/wp\/v2\/media?parent=3"}],"curies":[{"name":"wp","href":"https:\/\/api.w.org\/{rel}","templated":true}]}}