{"id":49,"date":"2022-11-22T20:09:24","date_gmt":"2022-11-22T23:09:24","guid":{"rendered":"https:\/\/breistech.com.br\/espanhol\/?page_id=49"},"modified":"2023-09-11T08:46:36","modified_gmt":"2023-09-11T11:46:36","slug":"dynamics-365-crm","status":"publish","type":"page","link":"https:\/\/breistech.com.br\/espanhol\/dynamics-365-crm\/","title":{"rendered":"Dynamics 365 CRM"},"content":{"rendered":"[vc_row type=&#8221;full_width_background&#8221; full_screen_row_position=&#8221;middle&#8221; scene_position=&#8221;center&#8221; text_color=&#8221;dark&#8221; text_align=&#8221;left&#8221; top_padding=&#8221;40&#8243; bottom_padding=&#8221;30&#8243; overlay_strength=&#8221;0.3&#8243;][vc_column column_padding=&#8221;no-extra-padding&#8221; column_padding_position=&#8221;all&#8221; background_color_opacity=&#8221;1&#8243; background_hover_color_opacity=&#8221;1&#8243; column_shadow=&#8221;none&#8221; width=&#8221;1\/1&#8243; tablet_text_alignment=&#8221;default&#8221; phone_text_alignment=&#8221;default&#8221; column_border_width=&#8221;none&#8221; column_border_style=&#8221;solid&#8221;][vc_column_text]\n<h1><span style=\"color: #000000;\">DYNAMICS 365 CRM<\/span><\/h1>\n[\/vc_column_text]<div class=\"divider-wrap\"><div style=\"margin-top: 5px; height: 1px; margin-bottom: 5px;\" data-width=\"100%\" data-animate=\"\" data-animation-delay=\"\" data-color=\"default\" class=\"divider-border\"><\/div><\/div>[\/vc_column][\/vc_row][vc_row type=&#8221;full_width_background&#8221; full_screen_row_position=&#8221;middle&#8221; scene_position=&#8221;center&#8221; text_color=&#8221;dark&#8221; text_align=&#8221;left&#8221; top_padding=&#8221;40&#8243; bottom_padding=&#8221;30&#8243; overlay_strength=&#8221;0.3&#8243;][vc_column column_padding=&#8221;no-extra-padding&#8221; column_padding_position=&#8221;all&#8221; background_color_opacity=&#8221;1&#8243; background_hover_color_opacity=&#8221;1&#8243; column_shadow=&#8221;none&#8221; width=&#8221;1\/2&#8243; tablet_text_alignment=&#8221;default&#8221; phone_text_alignment=&#8221;default&#8221; column_border_width=&#8221;none&#8221; column_border_style=&#8221;solid&#8221;][vc_column_text]Dynamics 365 CRM es una categor\u00eda de soluciones de software que cubre diferentes sistemas de gesti\u00f3n de clientes, como ventas, servicio y marketing. Elija una aplicaci\u00f3n independiente para satisfacer las necesidades de una l\u00ednea de negocio espec\u00edfica o use m\u00faltiples herramientas de CRM que funcionan juntas como una poderosa soluci\u00f3n integrada.[\/vc_column_text][\/vc_column][vc_column column_padding=&#8221;no-extra-padding&#8221; column_padding_position=&#8221;all&#8221; background_color_opacity=&#8221;1&#8243; background_hover_color_opacity=&#8221;1&#8243; column_shadow=&#8221;none&#8221; width=&#8221;1\/2&#8243; tablet_text_alignment=&#8221;default&#8221; phone_text_alignment=&#8221;default&#8221; column_border_width=&#8221;none&#8221; column_border_style=&#8221;solid&#8221;][vc_column_text]<iframe loading=\"lazy\" title=\"YouTube video player\" src=\"https:\/\/www.microsoft.com\/pt-br\/videoplayer\/embed\/RE41po2?jsapi=true&amp;postJsllMsg=true&amp;maskLevel=0\" width=\"560\" height=\"315\" frameborder=\"0\" allowfullscreen=\"allowfullscreen\"><\/iframe>[\/vc_column_text][\/vc_column][\/vc_row][vc_row type=&#8221;in_container&#8221; full_screen_row_position=&#8221;middle&#8221; scene_position=&#8221;center&#8221; text_color=&#8221;dark&#8221; text_align=&#8221;left&#8221; overlay_strength=&#8221;0.3&#8243;][vc_column column_padding=&#8221;no-extra-padding&#8221; column_padding_position=&#8221;all&#8221; background_color_opacity=&#8221;1&#8243; background_hover_color_opacity=&#8221;1&#8243; column_shadow=&#8221;none&#8221; width=&#8221;1\/1&#8243; tablet_text_alignment=&#8221;default&#8221; phone_text_alignment=&#8221;default&#8221; column_border_width=&#8221;none&#8221; column_border_style=&#8221;solid&#8221;]<div class=\"divider-wrap\"><div style=\"margin-top: 5px; height: 1px; margin-bottom: 5px;\" data-width=\"100%\" data-animate=\"\" data-animation-delay=\"\" data-color=\"default\" class=\"divider-border\"><\/div><\/div>[\/vc_column][\/vc_row][vc_row type=&#8221;in_container&#8221; full_screen_row_position=&#8221;middle&#8221; scene_position=&#8221;center&#8221; text_color=&#8221;dark&#8221; text_align=&#8221;left&#8221; overlay_strength=&#8221;0.3&#8243;][vc_column column_padding=&#8221;no-extra-padding&#8221; column_padding_position=&#8221;all&#8221; background_color_opacity=&#8221;1&#8243; background_hover_color_opacity=&#8221;1&#8243; column_shadow=&#8221;none&#8221; width=&#8221;1\/2&#8243; tablet_text_alignment=&#8221;default&#8221; phone_text_alignment=&#8221;default&#8221; column_border_width=&#8221;none&#8221; column_border_style=&#8221;solid&#8221;][vc_column_text]<strong>VENTAS:<\/strong> los compradores de hoy est\u00e1n cambiando las reglas del juego. Quieren experiencias, y eso incluye transacciones sin complicaciones. Pero no es suficiente. Vaya m\u00e1s all\u00e1 de las transacciones e interacciones y ofrezca a los compradores experiencias \u00fanicas que generen confianza. Transforme la experiencia de ventas con Dynamics 365 Sales.<\/p>\n<p><strong>SERVICIO AL CLIENTE:<\/strong> asegure la afinidad con la marca y la lealtad del cliente con Dynamics 365 Customer Service. Capacite a sus equipos con los datos simplificados y la tecnolog\u00eda unificada que necesitan para ofrecer experiencias personalizadas y sin inconvenientes.<\/p>\n<p><strong>SERVICIO DE CAMPO:<\/strong> brinde experiencias de cliente excepcionales con Dynamics 365 Field Service para enviar el recurso correcto en el momento y lugar correctos, con todas las herramientas para tener \u00e9xito la primera vez.<\/p>\n<p><strong>MARKETING:<\/strong> desarrolle relaciones comerciales m\u00e1s gratificantes mediante la creaci\u00f3n de experiencias sin complicaciones que aumenten la generaci\u00f3n de clientes potenciales, fortalezcan sus capacidades de marketing y ampl\u00eden sus oportunidades de ventas con Dynamics 365 Marketing.<\/p>\n<p><strong>INTELIGENCIA ARTIFICIAL:<\/strong> permita que las personas m\u00e1s cercanas a los desaf\u00edos comerciales los superen mediante aplicaciones inteligentes.<\/p>\n<p><strong>REALIDAD MIXTA:<\/strong> capacite a los empleados y optimice las operaciones con las aplicaciones de realidad mixta de Dynamics 365.[\/vc_column_text][\/vc_column][vc_column column_padding=&#8221;no-extra-padding&#8221; column_padding_position=&#8221;all&#8221; background_color_opacity=&#8221;1&#8243; background_hover_color_opacity=&#8221;1&#8243; column_shadow=&#8221;none&#8221; width=&#8221;1\/2&#8243; tablet_text_alignment=&#8221;default&#8221; phone_text_alignment=&#8221;default&#8221; column_border_width=&#8221;none&#8221; column_border_style=&#8221;solid&#8221;]<div class=\"img-with-aniamtion-wrap \" data-max-width=\"100%\"><div class=\"inner\"><img loading=\"lazy\" decoding=\"async\" data-shadow=\"none\" data-shadow-direction=\"middle\" class=\"img-with-animation \" data-delay=\"0\" height=\"1422\" width=\"2560\" data-animation=\"none\" src=\"https:\/\/breistech.com.br\/espanhol\/wp-content\/uploads\/2022\/11\/crm-scaled.jpg\" srcset=\"https:\/\/breistech.com.br\/espanhol\/wp-content\/uploads\/2022\/11\/crm-scaled.jpg 2560w, https:\/\/breistech.com.br\/espanhol\/wp-content\/uploads\/2022\/11\/crm-300x167.jpg 300w, https:\/\/breistech.com.br\/espanhol\/wp-content\/uploads\/2022\/11\/crm-1024x569.jpg 1024w, https:\/\/breistech.com.br\/espanhol\/wp-content\/uploads\/2022\/11\/crm-768x427.jpg 768w, https:\/\/breistech.com.br\/espanhol\/wp-content\/uploads\/2022\/11\/crm-1536x853.jpg 1536w, https:\/\/breistech.com.br\/espanhol\/wp-content\/uploads\/2022\/11\/crm-2048x1138.jpg 2048w\" alt=\"\" \/><\/div><\/div>[\/vc_column][\/vc_row]\n","protected":false},"excerpt":{"rendered":"<p>[vc_row type=&#8221;full_width_background&#8221; full_screen_row_position=&#8221;middle&#8221; scene_position=&#8221;center&#8221; text_color=&#8221;dark&#8221; text_align=&#8221;left&#8221; top_padding=&#8221;40&#8243; bottom_padding=&#8221;30&#8243; overlay_strength=&#8221;0.3&#8243;][vc_column column_padding=&#8221;no-extra-padding&#8221; column_padding_position=&#8221;all&#8221; background_color_opacity=&#8221;1&#8243; background_hover_color_opacity=&#8221;1&#8243; column_shadow=&#8221;none&#8221; width=&#8221;1\/1&#8243; tablet_text_alignment=&#8221;default&#8221; phone_text_alignment=&#8221;default&#8221; column_border_width=&#8221;none&#8221; column_border_style=&#8221;solid&#8221;][vc_column_text] DYNAMICS 365 CRM [\/vc_column_text][\/vc_column][\/vc_row][vc_row type=&#8221;full_width_background&#8221; full_screen_row_position=&#8221;middle&#8221; scene_position=&#8221;center&#8221; text_color=&#8221;dark&#8221; text_align=&#8221;left&#8221; top_padding=&#8221;40&#8243; bottom_padding=&#8221;30&#8243;&#8230;<\/p>\n","protected":false},"author":1,"featured_media":0,"parent":0,"menu_order":0,"comment_status":"closed","ping_status":"closed","template":"","meta":{"_joinchat":[],"footnotes":""},"class_list":["post-49","page","type-page","status-publish","hentry"],"_links":{"self":[{"href":"https:\/\/breistech.com.br\/espanhol\/wp-json\/wp\/v2\/pages\/49","targetHints":{"allow":["GET"]}}],"collection":[{"href":"https:\/\/breistech.com.br\/espanhol\/wp-json\/wp\/v2\/pages"}],"about":[{"href":"https:\/\/breistech.com.br\/espanhol\/wp-json\/wp\/v2\/types\/page"}],"author":[{"embeddable":true,"href":"https:\/\/breistech.com.br\/espanhol\/wp-json\/wp\/v2\/users\/1"}],"replies":[{"embeddable":true,"href":"https:\/\/breistech.com.br\/espanhol\/wp-json\/wp\/v2\/comments?post=49"}],"version-history":[{"count":5,"href":"https:\/\/breistech.com.br\/espanhol\/wp-json\/wp\/v2\/pages\/49\/revisions"}],"predecessor-version":[{"id":170,"href":"https:\/\/breistech.com.br\/espanhol\/wp-json\/wp\/v2\/pages\/49\/revisions\/170"}],"wp:attachment":[{"href":"https:\/\/breistech.com.br\/espanhol\/wp-json\/wp\/v2\/media?parent=49"}],"curies":[{"name":"wp","href":"https:\/\/api.w.org\/{rel}","templated":true}]}}