{"id":55,"date":"2022-11-22T20:13:44","date_gmt":"2022-11-22T23:13:44","guid":{"rendered":"https:\/\/breistech.com.br\/espanhol\/?page_id=55"},"modified":"2023-09-11T08:50:51","modified_gmt":"2023-09-11T11:50:51","slug":"microsoft-dynamics-365-business-central","status":"publish","type":"page","link":"https:\/\/breistech.com.br\/espanhol\/microsoft-dynamics-365-business-central\/","title":{"rendered":"Microsoft Dynamics 365 \u2013 Business Central"},"content":{"rendered":"[vc_row type=&#8221;full_width_background&#8221; full_screen_row_position=&#8221;middle&#8221; scene_position=&#8221;center&#8221; text_color=&#8221;dark&#8221; text_align=&#8221;left&#8221; top_padding=&#8221;40&#8243; bottom_padding=&#8221;30&#8243; overlay_strength=&#8221;0.3&#8243;][vc_column column_padding=&#8221;no-extra-padding&#8221; column_padding_position=&#8221;all&#8221; background_color_opacity=&#8221;1&#8243; background_hover_color_opacity=&#8221;1&#8243; column_shadow=&#8221;none&#8221; width=&#8221;1\/1&#8243; tablet_text_alignment=&#8221;default&#8221; phone_text_alignment=&#8221;default&#8221; column_border_width=&#8221;none&#8221; column_border_style=&#8221;solid&#8221;][vc_column_text]\n<h1><span style=\"color: #000000;\">MICROSOFT DYNAMICS 365 &#8211; BUSINESS CENTRAL<\/span><\/h1>\n[\/vc_column_text]<div class=\"divider-wrap\"><div style=\"margin-top: 5px; height: 1px; margin-bottom: 5px;\" data-width=\"100%\" data-animate=\"\" data-animation-delay=\"\" data-color=\"default\" class=\"divider-border\"><\/div><\/div>[\/vc_column][\/vc_row][vc_row type=&#8221;full_width_background&#8221; full_screen_row_position=&#8221;middle&#8221; scene_position=&#8221;center&#8221; text_color=&#8221;dark&#8221; text_align=&#8221;left&#8221; top_padding=&#8221;40&#8243; bottom_padding=&#8221;30&#8243; overlay_strength=&#8221;0.3&#8243;][vc_column column_padding=&#8221;no-extra-padding&#8221; column_padding_position=&#8221;all&#8221; background_color_opacity=&#8221;1&#8243; background_hover_color_opacity=&#8221;1&#8243; column_shadow=&#8221;none&#8221; width=&#8221;2\/3&#8243; tablet_text_alignment=&#8221;default&#8221; phone_text_alignment=&#8221;default&#8221; column_border_width=&#8221;none&#8221; column_border_style=&#8221;solid&#8221;][vc_column_text]Microsoft Dynamics 365 &#8211; Business Central es una soluci\u00f3n de gesti\u00f3n empresarial (ERP) para peque\u00f1as y medianas empresas que automatiza y agiliza los procesos empresariales y le ayuda a gestionar su negocio. Altamente adaptable y rico en funciones, Business Central permite a las empresas administrar su negocio, incluyendo las finanzas, la fabricaci\u00f3n, las ventas, el env\u00edo, la gesti\u00f3n de proyectos, el servicio y m\u00e1s.[\/vc_column_text][\/vc_column][vc_column column_padding=&#8221;no-extra-padding&#8221; column_padding_position=&#8221;all&#8221; background_color_opacity=&#8221;1&#8243; background_hover_color_opacity=&#8221;1&#8243; column_shadow=&#8221;none&#8221; width=&#8221;1\/3&#8243; tablet_text_alignment=&#8221;default&#8221; phone_text_alignment=&#8221;default&#8221; column_border_width=&#8221;none&#8221; column_border_style=&#8221;solid&#8221;]<div class=\"img-with-aniamtion-wrap \" data-max-width=\"100%\"><div class=\"inner\"><img loading=\"lazy\" decoding=\"async\" data-shadow=\"none\" data-shadow-direction=\"middle\" class=\"img-with-animation \" data-delay=\"0\" height=\"820\" width=\"1514\" data-animation=\"none\" src=\"https:\/\/breistech.com.br\/espanhol\/wp-content\/uploads\/2022\/11\/5ff05687-3351-4ea6-ada4-94fff6f5ee42.png\" srcset=\"https:\/\/breistech.com.br\/espanhol\/wp-content\/uploads\/2022\/11\/5ff05687-3351-4ea6-ada4-94fff6f5ee42.png 1514w, https:\/\/breistech.com.br\/espanhol\/wp-content\/uploads\/2022\/11\/5ff05687-3351-4ea6-ada4-94fff6f5ee42-300x162.png 300w, https:\/\/breistech.com.br\/espanhol\/wp-content\/uploads\/2022\/11\/5ff05687-3351-4ea6-ada4-94fff6f5ee42-1024x555.png 1024w, https:\/\/breistech.com.br\/espanhol\/wp-content\/uploads\/2022\/11\/5ff05687-3351-4ea6-ada4-94fff6f5ee42-768x416.png 768w\" alt=\"\" \/><\/div><\/div>[\/vc_column][\/vc_row]\n","protected":false},"excerpt":{"rendered":"<p>[vc_row type=&#8221;full_width_background&#8221; full_screen_row_position=&#8221;middle&#8221; scene_position=&#8221;center&#8221; text_color=&#8221;dark&#8221; text_align=&#8221;left&#8221; top_padding=&#8221;40&#8243; bottom_padding=&#8221;30&#8243; overlay_strength=&#8221;0.3&#8243;][vc_column column_padding=&#8221;no-extra-padding&#8221; column_padding_position=&#8221;all&#8221; background_color_opacity=&#8221;1&#8243; background_hover_color_opacity=&#8221;1&#8243; column_shadow=&#8221;none&#8221; width=&#8221;1\/1&#8243; tablet_text_alignment=&#8221;default&#8221; phone_text_alignment=&#8221;default&#8221; column_border_width=&#8221;none&#8221; column_border_style=&#8221;solid&#8221;][vc_column_text] MICROSOFT DYNAMICS 365 &#8211; BUSINESS CENTRAL [\/vc_column_text][\/vc_column][\/vc_row][vc_row type=&#8221;full_width_background&#8221; full_screen_row_position=&#8221;middle&#8221; scene_position=&#8221;center&#8221; text_color=&#8221;dark&#8221;&#8230;<\/p>\n","protected":false},"author":1,"featured_media":0,"parent":0,"menu_order":0,"comment_status":"closed","ping_status":"closed","template":"","meta":{"_joinchat":[],"footnotes":""},"class_list":["post-55","page","type-page","status-publish","hentry"],"_links":{"self":[{"href":"https:\/\/breistech.com.br\/espanhol\/wp-json\/wp\/v2\/pages\/55","targetHints":{"allow":["GET"]}}],"collection":[{"href":"https:\/\/breistech.com.br\/espanhol\/wp-json\/wp\/v2\/pages"}],"about":[{"href":"https:\/\/breistech.com.br\/espanhol\/wp-json\/wp\/v2\/types\/page"}],"author":[{"embeddable":true,"href":"https:\/\/breistech.com.br\/espanhol\/wp-json\/wp\/v2\/users\/1"}],"replies":[{"embeddable":true,"href":"https:\/\/breistech.com.br\/espanhol\/wp-json\/wp\/v2\/comments?post=55"}],"version-history":[{"count":4,"href":"https:\/\/breistech.com.br\/espanhol\/wp-json\/wp\/v2\/pages\/55\/revisions"}],"predecessor-version":[{"id":172,"href":"https:\/\/breistech.com.br\/espanhol\/wp-json\/wp\/v2\/pages\/55\/revisions\/172"}],"wp:attachment":[{"href":"https:\/\/breistech.com.br\/espanhol\/wp-json\/wp\/v2\/media?parent=55"}],"curies":[{"name":"wp","href":"https:\/\/api.w.org\/{rel}","templated":true}]}}