{"id":58,"date":"2022-11-22T20:18:55","date_gmt":"2022-11-22T23:18:55","guid":{"rendered":"https:\/\/breistech.com.br\/espanhol\/?page_id=58"},"modified":"2023-09-11T08:54:04","modified_gmt":"2023-09-11T11:54:04","slug":"microsoft-power-platform","status":"publish","type":"page","link":"https:\/\/breistech.com.br\/espanhol\/microsoft-power-platform\/","title":{"rendered":"Microsoft Power Platform"},"content":{"rendered":"[vc_row type=&#8221;full_width_background&#8221; full_screen_row_position=&#8221;middle&#8221; scene_position=&#8221;center&#8221; text_color=&#8221;dark&#8221; text_align=&#8221;left&#8221; top_padding=&#8221;40&#8243; bottom_padding=&#8221;30&#8243; overlay_strength=&#8221;0.3&#8243;][vc_column column_padding=&#8221;no-extra-padding&#8221; column_padding_position=&#8221;all&#8221; background_color_opacity=&#8221;1&#8243; background_hover_color_opacity=&#8221;1&#8243; column_shadow=&#8221;none&#8221; width=&#8221;1\/1&#8243; tablet_text_alignment=&#8221;default&#8221; phone_text_alignment=&#8221;default&#8221; column_border_width=&#8221;none&#8221; column_border_style=&#8221;solid&#8221;][vc_column_text]\n<h1>MICROSOFT POWER PLATFORM<\/h1>\n[\/vc_column_text]<div class=\"divider-wrap\"><div style=\"margin-top: 5px; height: 1px; margin-bottom: 5px;\" data-width=\"100%\" data-animate=\"\" data-animation-delay=\"\" data-color=\"default\" class=\"divider-border\"><\/div><\/div>[\/vc_column][\/vc_row][vc_row type=&#8221;full_width_background&#8221; full_screen_row_position=&#8221;middle&#8221; scene_position=&#8221;center&#8221; text_color=&#8221;dark&#8221; text_align=&#8221;left&#8221; top_padding=&#8221;40&#8243; bottom_padding=&#8221;30&#8243; overlay_strength=&#8221;0.3&#8243;][vc_column column_padding=&#8221;no-extra-padding&#8221; column_padding_position=&#8221;all&#8221; background_color_opacity=&#8221;1&#8243; background_hover_color_opacity=&#8221;1&#8243; column_shadow=&#8221;none&#8221; width=&#8221;2\/3&#8243; tablet_text_alignment=&#8221;default&#8221; phone_text_alignment=&#8221;default&#8221; column_border_width=&#8221;none&#8221; column_border_style=&#8221;solid&#8221;][vc_column_text]Con Power Platform, los desarrolladores pueden ampliar sin problemas las caracter\u00edsticas, los controles y las funciones de Power BI, Power Apps o Power Automate. M\u00e1s que eso, puede crear f\u00e1cilmente conectores para sus sistemas heredados o personalizados como Twitter, Google Analytics, LinkedIn, Mailchimp, Outlook, Asana, Bitly, Slack, etc.<\/p>\n<p>Poderoso solo. Mejor juntos. Microsoft Power Platform es m\u00e1s que la suma de sus partes. Con\u00e9ctelos juntos. A\u00fan m\u00e1s, agregue Office 365, Dynamics 365, Azure y cientos de otras aplicaciones para crear soluciones comerciales completas. En particular, esta experiencia conectada es lo que distingue a las aplicaciones y la infraestructura de Microsoft de las dem\u00e1s.[\/vc_column_text][\/vc_column][vc_column column_padding=&#8221;no-extra-padding&#8221; column_padding_position=&#8221;all&#8221; background_color_opacity=&#8221;1&#8243; background_hover_color_opacity=&#8221;1&#8243; column_shadow=&#8221;none&#8221; width=&#8221;1\/3&#8243; tablet_text_alignment=&#8221;default&#8221; phone_text_alignment=&#8221;default&#8221; column_border_width=&#8221;none&#8221; column_border_style=&#8221;solid&#8221;]<div class=\"img-with-aniamtion-wrap \" data-max-width=\"100%\"><div class=\"inner\"><img loading=\"lazy\" decoding=\"async\" data-shadow=\"none\" data-shadow-direction=\"middle\" class=\"img-with-animation \" data-delay=\"0\" height=\"827\" width=\"1024\" data-animation=\"none\" src=\"https:\/\/breistech.com.br\/espanhol\/wp-content\/uploads\/2022\/11\/power-platform-1024x827-1.png\" srcset=\"https:\/\/breistech.com.br\/espanhol\/wp-content\/uploads\/2022\/11\/power-platform-1024x827-1.png 1024w, https:\/\/breistech.com.br\/espanhol\/wp-content\/uploads\/2022\/11\/power-platform-1024x827-1-300x242.png 300w, https:\/\/breistech.com.br\/espanhol\/wp-content\/uploads\/2022\/11\/power-platform-1024x827-1-768x620.png 768w\" alt=\"\" \/><\/div><\/div>[\/vc_column][\/vc_row][vc_row type=&#8221;in_container&#8221; full_screen_row_position=&#8221;middle&#8221; scene_position=&#8221;center&#8221; text_color=&#8221;dark&#8221; text_align=&#8221;left&#8221; overlay_strength=&#8221;0.3&#8243;][vc_column column_padding=&#8221;no-extra-padding&#8221; column_padding_position=&#8221;all&#8221; background_color_opacity=&#8221;1&#8243; background_hover_color_opacity=&#8221;1&#8243; column_shadow=&#8221;none&#8221; width=&#8221;1\/1&#8243; tablet_text_alignment=&#8221;default&#8221; phone_text_alignment=&#8221;default&#8221; column_border_width=&#8221;none&#8221; column_border_style=&#8221;solid&#8221;]<div class=\"divider-wrap\"><div style=\"margin-top: 5px; height: 1px; margin-bottom: 5px;\" data-width=\"100%\" data-animate=\"\" data-animation-delay=\"\" data-color=\"default\" class=\"divider-border\"><\/div><\/div>[\/vc_column][\/vc_row][vc_row type=&#8221;in_container&#8221; full_screen_row_position=&#8221;middle&#8221; scene_position=&#8221;center&#8221; text_color=&#8221;dark&#8221; text_align=&#8221;left&#8221; overlay_strength=&#8221;0.3&#8243;][vc_column column_padding=&#8221;no-extra-padding&#8221; column_padding_position=&#8221;all&#8221; background_color_opacity=&#8221;1&#8243; background_hover_color_opacity=&#8221;1&#8243; column_shadow=&#8221;none&#8221; width=&#8221;1\/4&#8243; tablet_text_alignment=&#8221;default&#8221; phone_text_alignment=&#8221;default&#8221; column_border_width=&#8221;none&#8221; column_border_style=&#8221;solid&#8221;]<div class=\"img-with-aniamtion-wrap \" data-max-width=\"100%\"><div class=\"inner\"><img loading=\"lazy\" decoding=\"async\" data-shadow=\"none\" data-shadow-direction=\"middle\" class=\"img-with-animation \" data-delay=\"0\" height=\"73\" width=\"92\" data-animation=\"none\" src=\"https:\/\/breistech.com.br\/espanhol\/wp-content\/uploads\/2022\/11\/power_automate.png\" srcset=\"\" alt=\"\" \/><\/div><\/div>[vc_column_text]<strong>Power Automate<\/strong><\/p>\n<p>Integre una potente automatizaci\u00f3n del flujo de trabajo directamente en sus aplicaciones con un enfoque sin c\u00f3digo que se conecta a cientos de aplicaciones y servicios populares.[\/vc_column_text][\/vc_column][vc_column column_padding=&#8221;no-extra-padding&#8221; column_padding_position=&#8221;all&#8221; background_color_opacity=&#8221;1&#8243; background_hover_color_opacity=&#8221;1&#8243; column_shadow=&#8221;none&#8221; width=&#8221;1\/4&#8243; tablet_text_alignment=&#8221;default&#8221; phone_text_alignment=&#8221;default&#8221; column_border_width=&#8221;none&#8221; column_border_style=&#8221;solid&#8221;]<div class=\"img-with-aniamtion-wrap \" data-max-width=\"100%\"><div class=\"inner\"><img loading=\"lazy\" decoding=\"async\" data-shadow=\"none\" data-shadow-direction=\"middle\" class=\"img-with-animation \" data-delay=\"0\" height=\"61\" width=\"85\" data-animation=\"none\" src=\"https:\/\/breistech.com.br\/espanhol\/wp-content\/uploads\/2022\/11\/power_apps.png\" srcset=\"\" alt=\"\" \/><\/div><\/div>[vc_column_text]<strong>Power Apps<\/strong><\/p>\n<p>Cree aplicaciones en horas, no en meses, que se conectan f\u00e1cilmente a los datos. Use expresiones similares a las de Excel para agregar l\u00f3gica y ejecutar en dispositivos web, iOS y Android[\/vc_column_text][\/vc_column][vc_column column_padding=&#8221;no-extra-padding&#8221; column_padding_position=&#8221;all&#8221; background_color_opacity=&#8221;1&#8243; background_hover_color_opacity=&#8221;1&#8243; column_shadow=&#8221;none&#8221; width=&#8221;1\/4&#8243; tablet_text_alignment=&#8221;default&#8221; phone_text_alignment=&#8221;default&#8221; column_border_width=&#8221;none&#8221; column_border_style=&#8221;solid&#8221;]<div class=\"img-with-aniamtion-wrap \" data-max-width=\"100%\"><div class=\"inner\"><img loading=\"lazy\" decoding=\"async\" data-shadow=\"none\" data-shadow-direction=\"middle\" class=\"img-with-animation \" data-delay=\"0\" height=\"81\" width=\"102\" data-animation=\"none\" src=\"https:\/\/breistech.com.br\/espanhol\/wp-content\/uploads\/2022\/11\/power_virtual.png\" srcset=\"\" alt=\"\" \/><\/div><\/div>[vc_column_text]<strong>Power Virtual Agents<\/strong><\/p>\n<p>Cree chatbots f\u00e1cilmente. As\u00ed que participe y chatee con sus clientes y empleados, sin necesidad de codificaci\u00f3n.[\/vc_column_text][\/vc_column][vc_column column_padding=&#8221;no-extra-padding&#8221; column_padding_position=&#8221;all&#8221; background_color_opacity=&#8221;1&#8243; background_hover_color_opacity=&#8221;1&#8243; column_shadow=&#8221;none&#8221; width=&#8221;1\/4&#8243; tablet_text_alignment=&#8221;default&#8221; phone_text_alignment=&#8221;default&#8221; column_border_width=&#8221;none&#8221; column_border_style=&#8221;solid&#8221;]<div class=\"img-with-aniamtion-wrap \" data-max-width=\"100%\"><div class=\"inner\"><img loading=\"lazy\" decoding=\"async\" data-shadow=\"none\" data-shadow-direction=\"middle\" class=\"img-with-animation \" data-delay=\"0\" height=\"75\" width=\"101\" data-animation=\"none\" src=\"https:\/\/breistech.com.br\/espanhol\/wp-content\/uploads\/2022\/11\/power_bi.png\" srcset=\"\" alt=\"\" \/><\/div><\/div>[vc_column_text]<strong>Power BI<\/strong><\/p>\n<p>Unifique los datos de varias fuentes para crear paneles e informes envolventes e interactivos. Aproveche los conocimientos pr\u00e1cticos e impulse los resultados empresariales.[\/vc_column_text][\/vc_column][\/vc_row]\n","protected":false},"excerpt":{"rendered":"<p>[vc_row type=&#8221;full_width_background&#8221; full_screen_row_position=&#8221;middle&#8221; scene_position=&#8221;center&#8221; text_color=&#8221;dark&#8221; text_align=&#8221;left&#8221; top_padding=&#8221;40&#8243; bottom_padding=&#8221;30&#8243; overlay_strength=&#8221;0.3&#8243;][vc_column column_padding=&#8221;no-extra-padding&#8221; column_padding_position=&#8221;all&#8221; background_color_opacity=&#8221;1&#8243; background_hover_color_opacity=&#8221;1&#8243; column_shadow=&#8221;none&#8221; width=&#8221;1\/1&#8243; tablet_text_alignment=&#8221;default&#8221; phone_text_alignment=&#8221;default&#8221; column_border_width=&#8221;none&#8221; column_border_style=&#8221;solid&#8221;][vc_column_text] MICROSOFT POWER PLATFORM [\/vc_column_text][\/vc_column][\/vc_row][vc_row type=&#8221;full_width_background&#8221; full_screen_row_position=&#8221;middle&#8221; scene_position=&#8221;center&#8221; text_color=&#8221;dark&#8221; text_align=&#8221;left&#8221; top_padding=&#8221;40&#8243; bottom_padding=&#8221;30&#8243;&#8230;<\/p>\n","protected":false},"author":1,"featured_media":0,"parent":0,"menu_order":0,"comment_status":"closed","ping_status":"closed","template":"","meta":{"_joinchat":[],"footnotes":""},"class_list":["post-58","page","type-page","status-publish","hentry"],"_links":{"self":[{"href":"https:\/\/breistech.com.br\/espanhol\/wp-json\/wp\/v2\/pages\/58","targetHints":{"allow":["GET"]}}],"collection":[{"href":"https:\/\/breistech.com.br\/espanhol\/wp-json\/wp\/v2\/pages"}],"about":[{"href":"https:\/\/breistech.com.br\/espanhol\/wp-json\/wp\/v2\/types\/page"}],"author":[{"embeddable":true,"href":"https:\/\/breistech.com.br\/espanhol\/wp-json\/wp\/v2\/users\/1"}],"replies":[{"embeddable":true,"href":"https:\/\/breistech.com.br\/espanhol\/wp-json\/wp\/v2\/comments?post=58"}],"version-history":[{"count":4,"href":"https:\/\/breistech.com.br\/espanhol\/wp-json\/wp\/v2\/pages\/58\/revisions"}],"predecessor-version":[{"id":124,"href":"https:\/\/breistech.com.br\/espanhol\/wp-json\/wp\/v2\/pages\/58\/revisions\/124"}],"wp:attachment":[{"href":"https:\/\/breistech.com.br\/espanhol\/wp-json\/wp\/v2\/media?parent=58"}],"curies":[{"name":"wp","href":"https:\/\/api.w.org\/{rel}","templated":true}]}}