{"id":71,"date":"2022-11-22T20:25:59","date_gmt":"2022-11-22T23:25:59","guid":{"rendered":"https:\/\/breistech.com.br\/espanhol\/?page_id=71"},"modified":"2023-09-11T08:56:36","modified_gmt":"2023-09-11T11:56:36","slug":"dynamics-365-rollouts","status":"publish","type":"page","link":"https:\/\/breistech.com.br\/espanhol\/dynamics-365-rollouts\/","title":{"rendered":"Dynamics 365 Rollouts"},"content":{"rendered":"[vc_row type=&#8221;full_width_background&#8221; full_screen_row_position=&#8221;middle&#8221; scene_position=&#8221;center&#8221; text_color=&#8221;dark&#8221; text_align=&#8221;left&#8221; top_padding=&#8221;40&#8243; bottom_padding=&#8221;30&#8243; overlay_strength=&#8221;0.3&#8243;][vc_column column_padding=&#8221;no-extra-padding&#8221; column_padding_position=&#8221;all&#8221; background_color_opacity=&#8221;1&#8243; background_hover_color_opacity=&#8221;1&#8243; column_shadow=&#8221;none&#8221; width=&#8221;1\/1&#8243; tablet_text_alignment=&#8221;default&#8221; phone_text_alignment=&#8221;default&#8221; column_border_width=&#8221;none&#8221; column_border_style=&#8221;solid&#8221;][vc_column_text]\n<h1><span style=\"color: #000000;\">DYNAMICS 365 ROLLOUTS<\/span><\/h1>\n[\/vc_column_text]<div class=\"divider-wrap\"><div style=\"margin-top: 5px; height: 1px; margin-bottom: 5px;\" data-width=\"100%\" data-animate=\"\" data-animation-delay=\"\" data-color=\"default\" class=\"divider-border\"><\/div><\/div>[\/vc_column][\/vc_row][vc_row type=&#8221;full_width_background&#8221; full_screen_row_position=&#8221;middle&#8221; scene_position=&#8221;center&#8221; text_color=&#8221;dark&#8221; text_align=&#8221;left&#8221; top_padding=&#8221;40&#8243; bottom_padding=&#8221;30&#8243; overlay_strength=&#8221;0.3&#8243;][vc_column column_padding=&#8221;no-extra-padding&#8221; column_padding_position=&#8221;all&#8221; background_color_opacity=&#8221;1&#8243; background_hover_color_opacity=&#8221;1&#8243; column_shadow=&#8221;none&#8221; width=&#8221;1\/1&#8243; tablet_text_alignment=&#8221;default&#8221; phone_text_alignment=&#8221;default&#8221; column_border_width=&#8221;none&#8221; column_border_style=&#8221;solid&#8221;][vc_column_text]Los lanzamientos son \u00fanicos para todas las organizaciones en cualquier pa\u00eds. Como cada pa\u00eds tiene sus propios requisitos legales, el sistema ERP de la sede debe adaptarse para satisfacer las necesidades locales.<br \/>\nHaga que su proyecto de implementaci\u00f3n sea fluido y r\u00e1pido, cuente con un socio experimentado.<br \/>\n\u00bfPor qu\u00e9 no elegir BREIS TECH? Como resultado, se beneficia de una s\u00f3lida pr\u00e1ctica de implementaci\u00f3n de Dynamics 365 y una red de socios en sus ubicaciones.<br \/>\nCon Breis Tech, su empresa estar\u00e1 bien asesorada para una implementaci\u00f3n confiable de Dynamics 365 y con las siguientes ganancias:[\/vc_column_text]<div class=\"divider-wrap\"><div style=\"height: 10px;\" class=\"divider\"><\/div><\/div>[vc_column_text]\n<h3>Equipo de implementaci\u00f3n de Dynamics 365 altamente experimentado con gerentes de proyecto multiling\u00fces.<\/h3>\n<h3>Profundo know-how en la resoluci\u00f3n de problemas espec\u00edficos de cada pa\u00eds. Mientras tanto, mantenemos la arquitectura general del sistema sin cambios.<\/h3>\n[\/vc_column_text]<div class=\"divider-wrap\"><div style=\"height: 10px;\" class=\"divider\"><\/div><\/div>[vc_column_text]No se preocupe por los requisitos locales espec\u00edficos. Porque lo haremos por ti. Para ello, contamos con personal local en Brasil y socios en los principales pa\u00edses de Am\u00e9rica Latina. Adem\u00e1s, asumimos toda la responsabilidad por la calidad total del proyecto.<\/p>\n<p>Gesti\u00f3n profesional de proyectos con metodolog\u00eda Waterfall o Agile.<br \/>\nSoporte en todas las fases del despliegue. Incluyendo planificaci\u00f3n, implementaci\u00f3n y documentaci\u00f3n.<br \/>\nServicios de consultor\u00eda y desarrollo de c\u00f3digo de alta calidad.<br \/>\nMetodolog\u00eda y eficiencia de implementaci\u00f3n comprobada.<br \/>\nComunicaci\u00f3n proactiva, trato personal adaptado a sus necesidades.[\/vc_column_text][\/vc_column][\/vc_row]\n","protected":false},"excerpt":{"rendered":"<p>[vc_row type=&#8221;full_width_background&#8221; full_screen_row_position=&#8221;middle&#8221; scene_position=&#8221;center&#8221; text_color=&#8221;dark&#8221; text_align=&#8221;left&#8221; top_padding=&#8221;40&#8243; bottom_padding=&#8221;30&#8243; overlay_strength=&#8221;0.3&#8243;][vc_column column_padding=&#8221;no-extra-padding&#8221; column_padding_position=&#8221;all&#8221; background_color_opacity=&#8221;1&#8243; background_hover_color_opacity=&#8221;1&#8243; column_shadow=&#8221;none&#8221; width=&#8221;1\/1&#8243; tablet_text_alignment=&#8221;default&#8221; phone_text_alignment=&#8221;default&#8221; column_border_width=&#8221;none&#8221; column_border_style=&#8221;solid&#8221;][vc_column_text] DYNAMICS 365 ROLLOUTS [\/vc_column_text][\/vc_column][\/vc_row][vc_row type=&#8221;full_width_background&#8221; full_screen_row_position=&#8221;middle&#8221; scene_position=&#8221;center&#8221; text_color=&#8221;dark&#8221; text_align=&#8221;left&#8221; top_padding=&#8221;40&#8243; bottom_padding=&#8221;30&#8243;&#8230;<\/p>\n","protected":false},"author":1,"featured_media":0,"parent":0,"menu_order":0,"comment_status":"closed","ping_status":"closed","template":"","meta":{"_joinchat":[],"footnotes":""},"class_list":["post-71","page","type-page","status-publish","hentry"],"_links":{"self":[{"href":"https:\/\/breistech.com.br\/espanhol\/wp-json\/wp\/v2\/pages\/71","targetHints":{"allow":["GET"]}}],"collection":[{"href":"https:\/\/breistech.com.br\/espanhol\/wp-json\/wp\/v2\/pages"}],"about":[{"href":"https:\/\/breistech.com.br\/espanhol\/wp-json\/wp\/v2\/types\/page"}],"author":[{"embeddable":true,"href":"https:\/\/breistech.com.br\/espanhol\/wp-json\/wp\/v2\/users\/1"}],"replies":[{"embeddable":true,"href":"https:\/\/breistech.com.br\/espanhol\/wp-json\/wp\/v2\/comments?post=71"}],"version-history":[{"count":3,"href":"https:\/\/breistech.com.br\/espanhol\/wp-json\/wp\/v2\/pages\/71\/revisions"}],"predecessor-version":[{"id":117,"href":"https:\/\/breistech.com.br\/espanhol\/wp-json\/wp\/v2\/pages\/71\/revisions\/117"}],"wp:attachment":[{"href":"https:\/\/breistech.com.br\/espanhol\/wp-json\/wp\/v2\/media?parent=71"}],"curies":[{"name":"wp","href":"https:\/\/api.w.org\/{rel}","templated":true}]}}